{"id":279,"date":"2021-02-26T16:44:10","date_gmt":"2021-02-26T16:44:10","guid":{"rendered":"http:\/\/www.gute\u00e4nger.de\/?page_id=279"},"modified":"2025-04-27T09:56:56","modified_gmt":"2025-04-27T09:56:56","slug":"vereinssatzung","status":"publish","type":"page","link":"https:\/\/www.gute-aenger.de\/?page_id=279","title":{"rendered":"Vereinssatzung"},"content":{"rendered":"<p>F\u00f6rderverein Realschule Gute \u00c4nger e.V.<\/p>\n<p><strong>&#8211; Satzung &#8211;<\/strong><\/p>\n<p>ge\u00e4ndert und beschlossen am 9. Januar 2025<\/p>\n<p><strong> 1<\/strong>\u00a0 <strong>Name und Sitz des Vereins<\/strong><\/p>\n<ul>\n<li style=\"list-style-type: none;\">\n<ul>\n<li>Der Verein f\u00fchrt den Namen \u201eF\u00f6rderverein der Realschule Freising \u2013 Gute \u00c4nger \u2013 e.V.\u201c<\/li>\n<li>Der Verein mit der Nummer VR 207815 ist im Vereinsregister eingetragen.<\/li>\n<li>Der Verein hat seinen Sitz in Freising.<\/li>\n<\/ul>\n<\/li>\n<\/ul>\n<p><strong> 2<\/strong>\u00a0 <strong>Zweck des Vereins<\/strong><\/p>\n<p>Der Verein verfolgt ausschlie\u00dflich und unmittelbar gemeinn\u00fctzige und mildt\u00e4tige Zwecke im Sinne des Abschnittes \u201eSteuerbeg\u00fcnstigte Zwecke\u201c der Abgabenordnung.<\/p>\n<ul>\n<li style=\"list-style-type: none;\">\n<ul>\n<li>Der Verein ist selbstlos t\u00e4tig. Er verfolgt nicht in erster Linie eigenwirtschaftliche Zwecke.<\/li>\n<li>Es darf keine Person durch Ausgaben, die dem Zweck des Vereins fremd sind oder durch unverh\u00e4ltnism\u00e4\u00dfig hohe Verg\u00fctungen, beg\u00fcnstigt werden.<\/li>\n<li>Zweck des Vereines ist die F\u00f6rderung der Erziehung und Bildung, insbesondere durch Unterst\u00fctzung der Sch\u00fcler*innen und Eltern sowie der Lehrer*innen an der Realschule Freising Gute \u00c4nger. Im Weiteren auch die F\u00f6rderung der internationalen V\u00f6lkerverst\u00e4ndigung, der Heimatpflege und Heimatkunde, der F\u00f6rderung des b\u00fcrgerschaftlichen Engagements zugunsten gemeinn\u00fctziger und mildt\u00e4tiger Zwecke sowie der Unterst\u00fctzung hilfsbed\u00fcrftiger Personen.<\/li>\n<li>Insbesondere dienen die Unterst\u00fctzungen, Beihilfen und Zusch\u00fcssen:<\/li>\n<\/ul>\n<\/li>\n<\/ul>\n<p style=\"padding-left: 40px;\">&#8211; bei schulischen und von der Schule organisierten Veranstaltungen, Ausfl\u00fcgen, Schullandheimaufenthalten, Arbeitsgemeinschaften, Projekten und Studienfahren<br \/>\n-zur Anschaffung und Wartung von Lehr- oder Lernmitteln oder anderen Medien<br \/>\n&#8211; bei einzelnen Wahlgruppen \/-f\u00e4chern oder auch Personen, die dem schulischen Zweck dienliche T\u00e4tigkeiten ausf\u00fchren<br \/>\n&#8211; der Fort- und Weiterbildung allen mit der Schule verbundenen Personen<\/p>\n<ul>\n<li style=\"list-style-type: none;\">\n<ul>\n<li>zur Hausaufgabenbetreuung \/Lernhilfe auf Honorarbasis<\/li>\n<li>zur Schulhofgestaltung und Versch\u00f6nerung des Schulgeb\u00e4udes<\/li>\n<li>f\u00fcr berufsfindenden Veranstaltungen\/Programme- zum internationalen Sch\u00fcler*innenaustausch auch au\u00dferhalb der Schulzeit<\/li>\n<li>zur Durchf\u00fchrung von Vortr\u00e4gen f\u00fcr Eltern, Sch\u00fcler*innen oder Lehrkr\u00e4ften<\/li>\n<li>zur Integration und Unterst\u00fctzung von Sch\u00fcler*innen mit Beeintr\u00e4chtigung, z.B. durch Anschaffung von Hilfsmitteln<\/li>\n<li>zur F\u00f6rderung des Sportes bzw. sportlicher Aktivit\u00e4ten<\/li>\n<li>dem Thema \u201eUmwelt\u201c und umweltbewusstes Handeln.<\/li>\n<\/ul>\n<\/li>\n<\/ul>\n<p><strong> 3\u00a0<\/strong> <strong>Mittelbindung<\/strong><\/p>\n<p>Die Mittel des Vereins d\u00fcrfen nur f\u00fcr die satzungsm\u00e4\u00dfigen Zwecke verwendet werden. Die Mitglieder erhalten keine Zuwendungen aus Mitteln des Vereines. Sollten bei T\u00e4tigkeiten f\u00fcr den Verein Auslagen entstanden sein, so k\u00f6nnen diese vom Verein beglichen werden.<\/p>\n<p><strong> 4<\/strong> <strong>Gesch\u00e4ftsjahr\u00a0<\/strong><\/p>\n<p>Gesch\u00e4ftsjahr des Vereins ist das Schuljahr (Beginn 01. September bis 31. August des darauffolgenden Jahres).<\/p>\n<p><strong> 5<\/strong>\u00a0 <strong>Mitgliedschaft\u00a0<\/strong><\/p>\n<ol>\n<li style=\"list-style-type: none;\">\n<ol>\n<li>Als Mitglied k\u00f6nnen alle nat\u00fcrlichen und juristischen Personen aufgenommen werden, die den Vereinszweck unterst\u00fctzen.<\/li>\n<li>\u00dcber die Aufnahme entscheidet der Vorstand in Abstimmung mit der Schulleitung hinsichtlich der Unterst\u00fctzung der Vereinszwecke.<\/li>\n<li>Bei Ablehnung entscheidet die Mitgliederversammlung. Diese ist auch \u00fcber die Ernennung der Ehrenmitglieder zust\u00e4ndig.<\/li>\n<li>Die Vereinsmitgliedschaft endet<\/li>\n<\/ol>\n<\/li>\n<\/ol>\n<ol>\n<li style=\"list-style-type: none;\">\n<ol>\n<li style=\"list-style-type: none;\">\n<ol>\n<li>a) durch freiwilligen Austritt mit einer Frist von 6 Wochen zum 1. September des Jahres. Der Austritt muss schriftlich oder per E-Mail an den Verein zum Stichtag erfolgen.<\/li>\n<li>b) durch Streichung aus der Mitgliederliste. Dies erfolgt auf Antrag des Vorstandes durch Beschluss des Vereinsausschusses nachdem eine zweimaligen Aufforderung zur Zahlung des Jahresbeitrags erfolgt ist. Nach Zusendung der 2. Aufforderung zur Zahlung ist eine Frist von 3 Monaten abzuwarten.<\/li>\n<li>c) durch Ausschluss des Mitglieds. Dabei kann ein Mitglied aus dem Verein ausgeschlossen werden, wenn sein Verhalten in grober Weise gegen die Interessen oder das Ansehen des Vereins verst\u00f6\u00dft. \u00dcber den Ausschluss entscheidet mit einfacher Mehrheit die Mitgliederversammlung auf Antrag des Vorstandes.<\/li>\n<li>d) durch Tod oder bei juristischen Personen durch Aufl\u00f6sung\/Konkurs.\u201c<\/li>\n<\/ol>\n<\/li>\n<\/ol>\n<\/li>\n<\/ol>\n<p>Das ausgetretene oder ausgeschlossene Mitglied hat keinen Anspruch gegen\u00fcber dem Vereinsverm\u00f6gen.<\/p>\n<p><strong> 6<\/strong>\u00a0 <strong>Mitgliedsbeitr\u00e4ge<\/strong><\/p>\n<ol>\n<li style=\"list-style-type: none;\">\n<ol>\n<li>Der j\u00e4hrliche Mitgliedsbeitrag wird durch die Mitgliederversammlung zu Beginn des Schuljahres, sp\u00e4testens 8 Wochen nach Schulbeginn, festgelegt. Er kann diese mit Wirkung zum n\u00e4chsten Vereinsjahr \u00e4ndern. \u00dcber den Mindestmitgliedsbeitrag hinaus kann das Mitglied die H\u00f6he des Jahresbeitrages selbst bestimmen.<\/li>\n<li>Es gilt die Beitragsordnung des F\u00f6V Gute \u00c4nger e.V..<\/li>\n<\/ol>\n<\/li>\n<\/ol>\n<p><strong> 7<\/strong>\u00a0 <strong>Organe des Vereins<\/strong><\/p>\n<p>Organe des Vereins sind:<\/p>\n<ol>\n<li style=\"list-style-type: none;\">\n<ol>\n<li>Der Vorstand<\/li>\n<li>Der Vereinsausschuss<\/li>\n<li>Die Mitgliederversammlung<\/li>\n<\/ol>\n<\/li>\n<\/ol>\n<p><strong> 8\u00a0<\/strong> <strong>Vorstand<\/strong><\/p>\n<ol>\n<li style=\"list-style-type: none;\">\n<ol>\n<li>Der Vorstand des Vereins besteht aus dem\/der 1. Vorsitzenden und dem\/der\u00a02. Vorsitzenden, sowie dem Kassier.<\/li>\n<li>Der Vorstand ist gerichtlich und au\u00dfergerichtlich durch jedes Vorstandsmitglied einzeln zur Vertretung des Vereins berechtigt. Regelungen zur Wahl und Amtsdauer sind in der Gesch\u00e4ftsordnung festgelegt.<\/li>\n<li>Der Kassier hat \u00fcber die Kassengesch\u00e4fte Buch zu f\u00fchren und eine Jahresrechnung zu erstellen. Die Jahresrechnung wird von einer\/m Kassenpr\u00fcfer*in gepr\u00fcft. Die gepr\u00fcfte Jahresrechnung in Form einer Einnahmen-\u00dcberschuss-Rechnung ist der Mitgliederversammlung zur Beschlussfassung vorzulegen.<\/li>\n<\/ol>\n<\/li>\n<\/ol>\n<p><strong> 9<\/strong>\u00a0 <strong>Vereinsausschuss<\/strong><\/p>\n<ul>\n<li style=\"list-style-type: none;\">\n<ul>\n<li>Der Vereinsausschuss besteht aus f\u00fcnf Mitgliedern:<\/li>\n<li>zwei gew\u00e4hlten Beisitzer*innen,<\/li>\n<li>einer gew\u00e4hlten Schriftf\u00fchrer*in,<\/li>\n<li>einem Mitglied der Schulleitung und<\/li>\n<li>dem amtierenden 1. oder 2. Elternbeiratsvorsitzenden.<\/li>\n<\/ul>\n<\/li>\n<\/ul>\n<p>Der Vereinsausschuss unterst\u00fctzt den Vorstand und tritt zweimal im Jahr mit dem Vorstand zusammen.<\/p>\n<p><strong> 10<\/strong>\u00a0 <strong>Aufgaben des Vorstandes und des Vereinsausschusses<\/strong><\/p>\n<p>Der Vorstand und der Vereinsausschuss sind f\u00fcr alle Angelegenheiten des Vereins zust\u00e4ndig, soweit sie nicht durch diese Satzung einem anderen Vereinsorgan konkret zugewiesen sind.<\/p>\n<p>Der <strong>Vorstand<\/strong> hat vor allem folgende Aufgaben:<\/p>\n<ol>\n<li style=\"list-style-type: none;\">\n<ol>\n<li>Der Vorstand legt die Grundausrichtung zur Umsetzung der Vereinszwecke fest, soweit sie nicht durch Beschl\u00fcsse der Mitgliederversammlung fixiert sind.<\/li>\n<li>Der Vorstand f\u00fchrt die laufenden Gesch\u00e4fte des Vereins und versucht, Spenden einzuwerben.<\/li>\n<li>Dem Vorstand obliegt die Verwaltung sowie die Verwaltung des Vereinsverm\u00f6gens und die Buchf\u00fchrung. Im obliegt die Beschlussfassung, welche Mittel welchen Zwecken zugewendet werden.<\/li>\n<li>Gemeinsame Vorbereitung der Mitgliederversammlung und Festlegung deren Tagesordnung<\/li>\n<li>Der Vorstand beruft die Mitgliederversammlung ein.<\/li>\n<li>Der Vorstand f\u00fchrt die Beschl\u00fcsse der Mitgliederversammlung aus.<\/li>\n<li>Er erstellt den Jahresbericht und die Jahresrechnung.<\/li>\n<li>Er plant und organsiert Veranstaltungen und Projekte.<\/li>\n<\/ol>\n<\/li>\n<\/ol>\n<p>Der <strong>Vereinsausschuss<\/strong> hat folgende Aufgaben:<\/p>\n<ol>\n<li style=\"list-style-type: none;\">\n<ol>\n<li>Er ber\u00e4t den Vorstand.<\/li>\n<li>Er gibt Impulse besonders aus der Sicht der Schule.<\/li>\n<li>Er kontrolliert den Vorstand.<\/li>\n<\/ol>\n<\/li>\n<\/ol>\n<p><strong> 11\u00a0<\/strong> <strong>Mitgliederversammlung<\/strong><\/p>\n<ol>\n<li style=\"list-style-type: none;\">\n<ol>\n<li>Die ordentliche Mitgliederversammlung findet einmal j\u00e4hrlich statt. Sie wird mit Abschluss des Gesch\u00e4ftsjahres, sp\u00e4testens 12 Wochen danach, durch den Vorstand einberufen. Die ordentliche Einladung erfolgt in der Regel per E-Mail mindestens 2 Wochen vor dem Termin, unter Angabe der Tagesordnung.\u00a0Bereits mindestens vier Wochen vor dem Termin erfolgt eine Save-the-date-Mitteilung mit der Aufforderung, Tagesordnungspunkte einzubringen.<\/li>\n<li>Eine au\u00dferordentliche Mitgliederversammlung wird einberufen, wenn das Interesse des Vereins es erfordert oder wenn mindestens 1\/10 der Mitglieder die Einberufung schriftlich unter Angabe des Zwecks und der Gr\u00fcnde verlangt. Die f\u00fcr die MV geltenden Regelungen dieser Satzung gelten entsprechend.<\/li>\n<li>Der Vorstand leitet die Versammlung.<\/li>\n<li>Der\/die Schriftf\u00fchrer*in wird durch die MV gew\u00e4hlt.<\/li>\n<li>Jede ordnungsgem\u00e4\u00df einberufene Mitgliederversammlung ist ohne R\u00fccksicht auf die Zahl der erschienenen Mitglieder beschlussf\u00e4hig.<\/li>\n<li>Die Beschl\u00fcsse der Mitgliederversammlung werden mit einfacher Mehrheit der abgegebenen g\u00fcltigen Stimmen erfasst. Zur \u00c4nderung der Satzung und des Vereinszwecks ist jedoch eine Mehrheit von \u00be der abgegebenen g\u00fcltigen Stimmen erforderlich. Eine \u00dcbertragung des Stimmrechts ist nicht zul\u00e4ssig. Bei Stimmgleichheit entscheidet die Mehrheit des Vorstandes.<\/li>\n<li>\u00dcber die Beschl\u00fcsse der Mitgliederversammlung ist ein Protokoll aufzunehmen, das von der Versammlungsleitung\u00a0und der Schriftf\u00fchrung zu unterschreiben ist.<\/li>\n<\/ol>\n<\/li>\n<\/ol>\n<p>Aufgaben der Mitgliederversammlung sind insbesondere:<\/p>\n<ol>\n<li style=\"list-style-type: none;\">\n<ol>\n<li>Entgegennahme des Jahresberichtes des Vorstandes und des Vereinsausschusses<\/li>\n<li>Entgegennahme des Jahresberichts des Kassiers<\/li>\n<li>Entlastung des Vorstands<\/li>\n<li>Wahl des Vorstandes<\/li>\n<li>Wahl der Beisitzer*innen aus den Reihen der Mitglieder<\/li>\n<li>Wahl einer\/s\u00a0 Kassenpr\u00fcfers*in<\/li>\n<li>Festsetzung des Mitgliedsbeitrags<\/li>\n<li>Beschlussfassung \u00fcber \u00c4nderungen der Satzung, des Vereinszweckes sowie der Aufl\u00f6sung des Vereins<\/li>\n<li>Grunds\u00e4tze zur Verteilung des Vereinsverm\u00f6gens.<\/li>\n<\/ol>\n<\/li>\n<\/ol>\n<p><strong> 12<\/strong>\u00a0 <strong>Aufl\u00f6sung des Vereins<\/strong><\/p>\n<p>Die Aufl\u00f6sung des Vereins kann durch die Mitgliederversammlung beschlossen werden. Zur Aufl\u00f6sung des Vereins ist eine Mehrheit von 4\/5 der abgegebenen Stimmen erforderlich.<\/p>\n<p>Bei Aufl\u00f6sung des Vereins, Entzugs der Rechtsf\u00e4higkeit oder bei Wegfall steuerbeg\u00fcnstigter Zwecke f\u00e4llt das Verm\u00f6gen des Vereins an eine juristische Person des \u00f6ffentlichen Rechts oder eine andere steuerbeg\u00fcnstigte K\u00f6rperschaft zwecks Verwendung f\u00fcr die Kindererziehung.<\/p>\n<p><strong> 13<\/strong> <strong>Schlussbestimmungen<\/strong><\/p>\n<p>\u00dcber diese Satzung hinausgehende Regelung richten sich nach den Bestimmungen des BGB.<\/p>\n<p>Diese Satzung wurde von der Mitgliederversammlung am 9. Januar 2025 beschlossen.<\/p>\n<p>Sie tritt mit der Eintragung ins Vereinsregister in Kraft.<\/p>\n","protected":false},"excerpt":{"rendered":"<p>F\u00f6rderverein Realschule Gute \u00c4nger e.V. &#8211; Satzung &#8211; ge\u00e4ndert und beschlossen am 9. Januar 2025 1\u00a0 Name und Sitz des Vereins Der Verein f\u00fchrt den Namen \u201eF\u00f6rderverein der Realschule Freising \u2013 Gute \u00c4nger \u2013 e.V.\u201c Der Verein mit der Nummer VR 207815 ist im Vereinsregister eingetragen. Der Verein hat seinen Sitz in Freising. 2\u00a0 Zweck &hellip; <\/p>\n<p class=\"link-more\"><a href=\"https:\/\/www.gute-aenger.de\/?page_id=279\" class=\"more-link\"><span class=\"screen-reader-text\">\u201eVereinssatzung\u201c<\/span> weiterlesen<\/a><\/p>\n","protected":false},"author":1,"featured_media":0,"parent":0,"menu_order":0,"comment_status":"closed","ping_status":"closed","template":"","meta":{"footnotes":""},"class_list":["post-279","page","type-page","status-publish","hentry"],"_links":{"self":[{"href":"https:\/\/www.gute-aenger.de\/index.php?rest_route=\/wp\/v2\/pages\/279","targetHints":{"allow":["GET"]}}],"collection":[{"href":"https:\/\/www.gute-aenger.de\/index.php?rest_route=\/wp\/v2\/pages"}],"about":[{"href":"https:\/\/www.gute-aenger.de\/index.php?rest_route=\/wp\/v2\/types\/page"}],"author":[{"embeddable":true,"href":"https:\/\/www.gute-aenger.de\/index.php?rest_route=\/wp\/v2\/users\/1"}],"replies":[{"embeddable":true,"href":"https:\/\/www.gute-aenger.de\/index.php?rest_route=%2Fwp%2Fv2%2Fcomments&post=279"}],"version-history":[{"count":13,"href":"https:\/\/www.gute-aenger.de\/index.php?rest_route=\/wp\/v2\/pages\/279\/revisions"}],"predecessor-version":[{"id":581,"href":"https:\/\/www.gute-aenger.de\/index.php?rest_route=\/wp\/v2\/pages\/279\/revisions\/581"}],"wp:attachment":[{"href":"https:\/\/www.gute-aenger.de\/index.php?rest_route=%2Fwp%2Fv2%2Fmedia&parent=279"}],"curies":[{"name":"wp","href":"https:\/\/api.w.org\/{rel}","templated":true}]}}