{"id":419,"date":"2023-04-23T15:38:51","date_gmt":"2023-04-23T15:38:51","guid":{"rendered":"https:\/\/www.gute-aenger.de\/?page_id=419"},"modified":"2025-03-27T17:43:44","modified_gmt":"2025-03-27T17:43:44","slug":"xx","status":"publish","type":"page","link":"https:\/\/www.gute-aenger.de\/","title":{"rendered":"DER F\u00d6RDERVEREIN"},"content":{"rendered":"<p>Der \u201eF\u00f6rderverein Realschule Freising &#8211; Gute \u00c4nger &#8211; \u00a0e.V.\u201c wirkt neben dem Elternbeirat als Teil der Schulfamilie als eigenst\u00e4ndiges Gremium im System Schule und dient allein dem Satzungszweck: <br \/><span style=\"color: #ff6600;\"><strong>Der Unterst\u00fctzung der Sch\u00fclerinnen und Sch\u00fcler und der Schulfamilie der Realschule Freising Gute \u00c4nger.<\/strong><\/span><\/p>\r\n<p>Der F\u00f6rderverein ist eine Serviceeinrichtung, der als eingetragener gemeinn\u00fctziger Verein Spenden entgegennehmen und Spendenbescheinigungen ausstellen kann. Ferner kann er die Einnahmen aus Spenden, Mitgliedsbeitr\u00e4gen und sonstigen Einnahmen auf seinen Konten verbuchen, um sie \u2013 ohne Gewinn zu machen \u2013 bed\u00fcrftigen Sch\u00fcler\/-innen oder der Schulfamilie wieder zur Verf\u00fcgung zu stellen. So wird sichergestellt, dass auch Sch\u00fcler\/-innen an Klassenfahrten teilnehmen k\u00f6nnen, deren Eltern sich dies ansonsten nicht leisten k\u00f6nnten. Auch schulische Projekte, die nicht von anderer Seite finanziert werden k\u00f6nnen, werden so m\u00f6glich gemacht. Au\u00dferdem unterst\u00fctzen wir die SMV, helfen bei Schulfesten und begleiten die Aktivit\u00e4ten des Elternbeirats, wie zum Beispiel den Berufetag, finanziell.<\/p>\r\n<p>Als <strong>Vereinsvorstand<\/strong> sind gew\u00e4hlt: <br \/>Helmut Grepmair, 1. Vorsitzende\u00a0<br \/>Ernst Fischer, 2. Vorsitzender<br \/>Christopher Philipsen, Kassier<\/p>\r\n<p><img loading=\"lazy\" decoding=\"async\" class=\"alignnone wp-image-556 size-large\" src=\"https:\/\/www.gute-aenger.de\/wp-content\/uploads\/2025\/03\/Vorstand-1024x768.jpg\" alt=\"Bild vom gesamten Vorstand\" width=\"525\" height=\"394\" srcset=\"https:\/\/www.gute-aenger.de\/wp-content\/uploads\/2025\/03\/Vorstand-1024x768.jpg 1024w, https:\/\/www.gute-aenger.de\/wp-content\/uploads\/2025\/03\/Vorstand-300x225.jpg 300w, https:\/\/www.gute-aenger.de\/wp-content\/uploads\/2025\/03\/Vorstand-768x576.jpg 768w, https:\/\/www.gute-aenger.de\/wp-content\/uploads\/2025\/03\/Vorstand.jpg 1280w\" sizes=\"auto, (max-width: 525px) 100vw, 525px\" \/><\/p>\r\n<p>Zudem wurden in den <strong>Vereinsausschuss<\/strong> gew\u00e4hlt:<\/p>\r\n<p>Elisabeth Erl, Lehrkraft<br \/>Tina van Wickeren, Lehrkraft<\/p>\r\n<p>Durch ihre Funktion sind weiterhin Mitglieder im Vereinsausschuss:<br \/>Andrea Weigl, Schulleiterin<br \/>Verena Girlich, Vorsitzendes des Elternbeirats<\/p>\r\n<p><strong>Wir freuen uns \u00fcber neue Mitglieder und Spenden, um auch in den aktuell f\u00fcr viele schwierigen Zeiten weiter unsere Hilfe anbieten zu k\u00f6nnen.<\/strong><\/p>\r\n<p><strong>Sollten Sie Unterst\u00fctzung ben\u00f6tigen, wenden Sie sich bitte vertrauensvoll an uns (<\/strong><a href=\"info@gute-aenger.de\"><strong>info@gute-aenger.d<\/strong><\/a><a href=\"mailto:info@gute-aenger.de\"><strong>e<\/strong><\/a><strong>) oder an die Schulleitung oder eine Lehrkraft Ihres Vertrauens. Wir behandeln Ihr Anliegen diskret.<\/strong><\/p>\r\n<!-- \/wp:list -->\r\n\r\n<!-- wp:paragraph -->","protected":false},"excerpt":{"rendered":"<p>Der \u201eF\u00f6rderverein Realschule Freising &#8211; Gute \u00c4nger &#8211; \u00a0e.V.\u201c wirkt neben dem Elternbeirat als Teil der Schulfamilie als eigenst\u00e4ndiges Gremium im System Schule und dient allein dem Satzungszweck: Der Unterst\u00fctzung der Sch\u00fclerinnen und Sch\u00fcler und der Schulfamilie der Realschule Freising Gute \u00c4nger. Der F\u00f6rderverein ist eine Serviceeinrichtung, der als eingetragener gemeinn\u00fctziger Verein Spenden entgegennehmen und &hellip; <\/p>\n<p class=\"link-more\"><a href=\"https:\/\/www.gute-aenger.de\/\" class=\"more-link\"><span class=\"screen-reader-text\">\u201eDER F\u00d6RDERVEREIN\u201c<\/span> weiterlesen<\/a><\/p>\n","protected":false},"author":1,"featured_media":0,"parent":0,"menu_order":0,"comment_status":"closed","ping_status":"closed","template":"","meta":{"footnotes":""},"class_list":["post-419","page","type-page","status-publish","hentry"],"_links":{"self":[{"href":"https:\/\/www.gute-aenger.de\/index.php?rest_route=\/wp\/v2\/pages\/419","targetHints":{"allow":["GET"]}}],"collection":[{"href":"https:\/\/www.gute-aenger.de\/index.php?rest_route=\/wp\/v2\/pages"}],"about":[{"href":"https:\/\/www.gute-aenger.de\/index.php?rest_route=\/wp\/v2\/types\/page"}],"author":[{"embeddable":true,"href":"https:\/\/www.gute-aenger.de\/index.php?rest_route=\/wp\/v2\/users\/1"}],"replies":[{"embeddable":true,"href":"https:\/\/www.gute-aenger.de\/index.php?rest_route=%2Fwp%2Fv2%2Fcomments&post=419"}],"version-history":[{"count":15,"href":"https:\/\/www.gute-aenger.de\/index.php?rest_route=\/wp\/v2\/pages\/419\/revisions"}],"predecessor-version":[{"id":425,"href":"https:\/\/www.gute-aenger.de\/index.php?rest_route=\/wp\/v2\/pages\/419\/revisions\/425"}],"wp:attachment":[{"href":"https:\/\/www.gute-aenger.de\/index.php?rest_route=%2Fwp%2Fv2%2Fmedia&parent=419"}],"curies":[{"name":"wp","href":"https:\/\/api.w.org\/{rel}","templated":true}]}}