{"id":463,"date":"2023-07-03T19:39:31","date_gmt":"2023-07-03T19:39:31","guid":{"rendered":"https:\/\/www.gute-aenger.de\/?page_id=463"},"modified":"2025-03-27T18:01:02","modified_gmt":"2025-03-27T18:01:02","slug":"datenschutzerklaerung-ms-forms","status":"publish","type":"page","link":"https:\/\/www.gute-aenger.de\/?page_id=463","title":{"rendered":"Datenschutz Ehemalige"},"content":{"rendered":"<p><strong>Datenschutzerkl\u00e4rung f\u00fcr die Nutzung von Microsoft Forms<br \/>\nzum Aufbau eines Ehemaligennetzwerkes an der<br \/>\nRealschule Gute \u00c4nger<\/strong><\/p>\n<p><strong>Stand: 27.03.2025<\/strong><\/p>\n<p>Die folgende Datenschutzerkl\u00e4rung informiert Sie \u00fcber die Art, den Umfang und den Zweck der Verarbeitung personenbezogener Daten bei der Nutzung von Microsoft Forms gem\u00e4\u00df den Bestimmungen der Datenschutz-Grundverordnung (DSGVO) sowie geltenden nationalen Datenschutzgesetzen.<\/p>\n<ol>\n<li><strong>Verantwortlicher<\/strong><\/li>\n<\/ol>\n<p>Verantwortlich f\u00fcr die Verarbeitung personenbezogener Daten im Zusammenhang mit der Nutzung von Microsoft Forms ist:<\/p>\n<p class=\"p1\"><strong><span class=\"s1\">F\u00f6rderverein der Realschule Freising -Gute \u00c4nger -e.V.<br \/>\n<\/span><\/strong><span class=\"s1\">vertreten durch:<\/span><\/p>\n<p class=\"p1\"><span class=\"s1\">Helmut Grepmair<br \/>\nWiesenstra\u00dfe 7<br \/>\n85402 Kranzberg<\/span><\/p>\n<p class=\"p1\"><span class=\"s1\">Der F\u00f6rderverein der Realschule Freising \u2013 Gute \u00c4nger \u2013 e.V. aus Freising ist im Register unter der Nummer VR 207815 im Amtsgericht M\u00fcnchen verzeichnet<\/span><\/p>\n<p><span class=\"s1\">E-Mail:\u00a0<a href=\"mailto:info@gute-aenger.de\"><span class=\"s3\">info@gute-aenger.de<\/span><\/a><\/span><span class=\"s2\"><br \/>\n<\/span><span class=\"s1\">Internet:\u00a0<a href=\"http:\/\/www.gute-aenger.de\/\"><span class=\"s3\">www.gute-aenger.de<\/span><\/a><\/span><\/p>\n<ol start=\"2\">\n<li><strong>Erhobene Daten und Verarbeitungszweck<\/strong><\/li>\n<\/ol>\n<p>Microsoft Forms wird zur Organisation von Ehemaligentreffen und dem Aufbau eines Ehemaligennetzwerkes an der Realschule Gute \u00c4nger verwendet. Dabei werden folgende personenbezogene Daten erhoben:<\/p>\n<ul>\n<li>Vor- und Nachname<\/li>\n<li>E-Mail-Adresse<\/li>\n<li>Handynummer<\/li>\n<li>Abschlussjahrgang<\/li>\n<\/ul>\n<p>Die erhobenen personenbezogenen Daten werden ausschlie\u00dflich f\u00fcr den Zweck verwendet, f\u00fcr den das entsprechende Formular erstellt wurde. Die Daten dienen ausschlie\u00dflich dem Zweck, Ehemaligentreffen zu organisieren\u00a0 und\u00a0 ein Netzwerk aufzubauen und werden nicht zu anderen Zwecken verwendet, sofern nicht ausdr\u00fccklich angegeben oder von den Betroffenen autorisiert.<\/p>\n<ol start=\"3\">\n<li><strong>Rechtsgrundlage f\u00fcr die Datenverarbeitung<\/strong><\/li>\n<\/ol>\n<p>Die Verarbeitung der personenbezogenen Daten erfolgt aufgrund der DSGVO Art. 6\u00a0 Absatz 1.<\/p>\n<ol start=\"4\">\n<li><strong>Empf\u00e4nger der Daten<\/strong><\/li>\n<\/ol>\n<p>Die erhobenen personenbezogenen Daten werden grunds\u00e4tzlich nur innerhalb des F\u00f6rdervereins der Realschule Gute \u00c4nger verwendet und nicht an Dritte weiter gegeben.<\/p>\n<p>Es ist zu beachten, dass Microsoft als Anbieter von Microsoft Forms als Auftragsverarbeiter handelt und Zugriff auf die erhobenen Daten haben kann. Microsoft verarbeitet die Daten gem\u00e4\u00df den geltenden Datenschutzbestimmungen und hat angemessene technische und organisatorische Ma\u00dfnahmen ergriffen, um die Sicherheit und den Schutz der Daten zu gew\u00e4hrleisten.<\/p>\n<ol start=\"5\">\n<li><strong>Daten\u00fcbermittlung an Dritte<\/strong><\/li>\n<\/ol>\n<p>Eine \u00dcbermittlung personenbezogener Daten an Dritte erfolgt grunds\u00e4tzlich nicht.<\/p>\n<ol start=\"6\">\n<li><strong>Speicherdauer der Daten<\/strong><\/li>\n<\/ol>\n<p>Die personenbezogenen Daten werden bis auf Widerruf der betroffenen Person gespeichert.<\/p>\n<ol start=\"7\">\n<li><strong>Rechte der betroffenen Personen<\/strong><\/li>\n<\/ol>\n<p>Gem\u00e4\u00df der DSGVO haben die betroffenen Personen das Recht<br \/>\n&#8211; auf Auskunft,<br \/>\n&#8211; Berichtigung,<br \/>\n&#8211; L\u00f6schung,<br \/>\n&#8211; Einschr\u00e4nkung der Verarbeitung,<br \/>\n&#8211; Widerspruch gegen die Verarbeitung<br \/>\n&#8211; sowie das Recht auf Daten\u00fcbertragbarkeit.<\/p>\n<p>Um diese Rechte wahrzunehmen oder bei Fragen und Anliegen zur Verarbeitung personenbezogener Daten k\u00f6nnen sich betroffene Personen an den oben genannten Verantwortlichen wenden.<\/p>\n<ol start=\"8\">\n<li><strong>Datensicherheit<\/strong><\/li>\n<\/ol>\n<p>Wir treffen angemessene technische und organisatorische Ma\u00dfnahmen, um die Sicherheit der personenbezogenen Daten zu gew\u00e4hrleisten und sie vor unbefugtem Zugriff, Verlust, Missbrauch oder Zerst\u00f6rung zu sch\u00fctzen.<\/p>\n<ol start=\"9\">\n<li><strong>\u00c4nderungen der Datenschutzerkl\u00e4rung<\/strong><\/li>\n<\/ol>\n<p>Wir behalten uns das Recht vor, diese Datenschutzerkl\u00e4rung jederzeit zu \u00e4ndern oder anzupassen, um sie an ge\u00e4nderte rechtliche Anforderungen oder \u00c4nderungen unseres Dienstes anzupassen. Die jeweils aktuelle Version ist auf unserer Website verf\u00fcgbar.<\/p>\n<p>Freising, 27.03.2025<\/p>\n","protected":false},"excerpt":{"rendered":"<p>Datenschutzerkl\u00e4rung f\u00fcr die Nutzung von Microsoft Forms zum Aufbau eines Ehemaligennetzwerkes an der Realschule Gute \u00c4nger Stand: 27.03.2025 Die folgende Datenschutzerkl\u00e4rung informiert Sie \u00fcber die Art, den Umfang und den Zweck der Verarbeitung personenbezogener Daten bei der Nutzung von Microsoft Forms gem\u00e4\u00df den Bestimmungen der Datenschutz-Grundverordnung (DSGVO) sowie geltenden nationalen Datenschutzgesetzen. Verantwortlicher Verantwortlich f\u00fcr die &hellip; <\/p>\n<p class=\"link-more\"><a href=\"https:\/\/www.gute-aenger.de\/?page_id=463\" class=\"more-link\"><span class=\"screen-reader-text\">\u201eDatenschutz Ehemalige\u201c<\/span> weiterlesen<\/a><\/p>\n","protected":false},"author":1,"featured_media":0,"parent":0,"menu_order":0,"comment_status":"closed","ping_status":"closed","template":"","meta":{"footnotes":""},"class_list":["post-463","page","type-page","status-publish","hentry"],"_links":{"self":[{"href":"https:\/\/www.gute-aenger.de\/index.php?rest_route=\/wp\/v2\/pages\/463","targetHints":{"allow":["GET"]}}],"collection":[{"href":"https:\/\/www.gute-aenger.de\/index.php?rest_route=\/wp\/v2\/pages"}],"about":[{"href":"https:\/\/www.gute-aenger.de\/index.php?rest_route=\/wp\/v2\/types\/page"}],"author":[{"embeddable":true,"href":"https:\/\/www.gute-aenger.de\/index.php?rest_route=\/wp\/v2\/users\/1"}],"replies":[{"embeddable":true,"href":"https:\/\/www.gute-aenger.de\/index.php?rest_route=%2Fwp%2Fv2%2Fcomments&post=463"}],"version-history":[{"count":7,"href":"https:\/\/www.gute-aenger.de\/index.php?rest_route=\/wp\/v2\/pages\/463\/revisions"}],"predecessor-version":[{"id":564,"href":"https:\/\/www.gute-aenger.de\/index.php?rest_route=\/wp\/v2\/pages\/463\/revisions\/564"}],"wp:attachment":[{"href":"https:\/\/www.gute-aenger.de\/index.php?rest_route=%2Fwp%2Fv2%2Fmedia&parent=463"}],"curies":[{"name":"wp","href":"https:\/\/api.w.org\/{rel}","templated":true}]}}