{"id":499,"date":"2023-11-08T10:43:12","date_gmt":"2023-11-08T10:43:12","guid":{"rendered":"https:\/\/www.gute-aenger.de\/?page_id=499"},"modified":"2025-03-27T18:03:52","modified_gmt":"2025-03-27T18:03:52","slug":"alumni","status":"publish","type":"page","link":"https:\/\/www.gute-aenger.de\/?page_id=499","title":{"rendered":"ALUMNI"},"content":{"rendered":"<p><span style=\"color: #ff6600;\"><strong>Das Ehemaligen-Netzwerk der Realschule Gute \u00c4nger, Freising<\/strong><\/span><\/p>\n<p>Wir, der F\u00f6rderverein der Realschule Gute \u00c4nger e.V. sind dabei ein Ehemaligen-Netzwerk aufzubauen.<\/p>\n<p>Wir w\u00fcnschen uns, dass die Sch\u00fclerinnen und Sch\u00fcler mit \u201cihrer\u201c Schule in Verbindung bleiben, auch wenn sie nach ihrem Abschluss die Schule verlassen haben.<\/p>\n<p>Gr\u00fcnde<\/p>\n<ul>\n<li style=\"list-style-type: none;\">\n<ul>\n<li>um als Schule, Lehrkr\u00e4fte und Elternschaft in Kontakt mit Ehemaligen der letzten Jahre zu bleiben,<\/li>\n<li>um den Ehemaligen die M\u00f6glichkeit zu geben \u2013 \u00fcber Klassentreffen hinaus &#8211; andere ehemalige Sch\u00fclerinnen und Sch\u00fcler wiederzusehen,<\/li>\n<li>um in einem Mentorenprogramm die aktuellen Sch\u00fcler\/-innen auf ihrem weiteren Weg zu begleiten und<\/li>\n<li>um \u00fcber ein Netzwerk auch andere Informationen auszutauschen oder Aktionen zu erm\u00f6glichen.<\/li>\n<\/ul>\n<\/li>\n<\/ul>\n<p><strong>Unsere Bitte:<\/strong> Interessierte ehemalige Sch\u00fcler*innen, die diese Ziele auch unterst\u00fctzen, k\u00f6nnen hier ihre Kontaktdaten hinterlegen. Je mehr wir sind, umso effektiver wird das Netzwerk!<\/p>\n<p><a href=\"https:\/\/forms.office.com\/pages\/responsepage.aspx?id=iPDIWehEYkSvd0Q-TTG65CoWpO929LVElfm_xTltjo1UQkZEMlVRWVJLU1ZMR0NES1VXMzBTODFIQSQlQCN0PWcu\">Registrierung<\/a><\/p>\n<p>Die damit verbundenen Schutzma\u00dfnahmen sind im Link \u201eDatenschutz Ehemalige\u201c nachzulesen.<\/p>\n<hr \/>\n<p><strong>Die ehemaligen Sch\u00fclerinnen und Sch\u00fcler \u2013 <\/strong><strong>Das \u201eCome Together\u201c<\/strong><\/p>\n<p>Am 8. Mai 2024 fand ein besonderes Treffen statt, bei dem sich ehemalige Sch\u00fclerinnen und Sch\u00fcler der Realschule Gute \u00c4nger versammelten. So besuchten zahlreiche Ehemalige das Maifest in der Schule und trafen sich im Anschluss im Lindenkeller in Freising zu einem \u201eCome together\u201c. Diese Idee ist im F\u00f6rderverein geboren und von ihm umgesetzt und finanziert worden \u2013 unter tatkr\u00e4ftiger Unterst\u00fctzung von Lehrk\u00e4ften und der Schulleitung.<\/p>\n<p>\u00dcber 100 ehemalige Sch\u00fclerinnen und Sch\u00fcler aus den Abschluss-Jahrg\u00e4ngen 2020, 2021, 2022 und 2023 waren anwesend, um Erinnerungen auszutauschen und neue Kontakte zu kn\u00fcpfen. Es war ein freudiges Wiedersehen, und es gab viel zu erz\u00e4hlen.<\/p>\n<p>Die Stimmung war entspannt und fr\u00f6hlich. Die Ehemaligen tauschten ihre aktuellen Lebenssituation aus, sprachen \u00fcber ihre Studienerfahrungen oder berichteten von ihren Reisen. Es war eine gute Gelegenheit, alte Freundschaften zu pflegen und neue Verbindungen zu kn\u00fcpfen.<\/p>\n<p>Das Ehemaligentreffen der Realschule Gute \u00c4nger war ein voller Erfolg und weitere Treffen sollen folgen!<\/p>\n<p>Mittlerweile wurde beschlossen, das n\u00e4chste \u201eCome Together\u201c im Fr\u00fchjahr 2026 zu organisieren.<\/p>\n<p><img loading=\"lazy\" decoding=\"async\" class=\"alignnone size-large wp-image-515\" src=\"https:\/\/www.gute-aenger.de\/wp-content\/uploads\/2024\/07\/IMG_3226-768x1024.jpg\" alt=\"\" width=\"525\" height=\"700\" srcset=\"https:\/\/www.gute-aenger.de\/wp-content\/uploads\/2024\/07\/IMG_3226-768x1024.jpg 768w, https:\/\/www.gute-aenger.de\/wp-content\/uploads\/2024\/07\/IMG_3226-225x300.jpg 225w, https:\/\/www.gute-aenger.de\/wp-content\/uploads\/2024\/07\/IMG_3226-1152x1536.jpg 1152w, https:\/\/www.gute-aenger.de\/wp-content\/uploads\/2024\/07\/IMG_3226-1536x2048.jpg 1536w, https:\/\/www.gute-aenger.de\/wp-content\/uploads\/2024\/07\/IMG_3226-scaled.jpg 1920w\" sizes=\"auto, (max-width: 525px) 100vw, 525px\" \/> <img loading=\"lazy\" decoding=\"async\" class=\"alignnone size-large wp-image-514\" src=\"https:\/\/www.gute-aenger.de\/wp-content\/uploads\/2024\/07\/IMG_3224-768x1024.jpg\" alt=\"\" width=\"525\" height=\"700\" srcset=\"https:\/\/www.gute-aenger.de\/wp-content\/uploads\/2024\/07\/IMG_3224-768x1024.jpg 768w, https:\/\/www.gute-aenger.de\/wp-content\/uploads\/2024\/07\/IMG_3224-225x300.jpg 225w, https:\/\/www.gute-aenger.de\/wp-content\/uploads\/2024\/07\/IMG_3224-1152x1536.jpg 1152w, https:\/\/www.gute-aenger.de\/wp-content\/uploads\/2024\/07\/IMG_3224-1536x2048.jpg 1536w, https:\/\/www.gute-aenger.de\/wp-content\/uploads\/2024\/07\/IMG_3224-scaled.jpg 1920w\" sizes=\"auto, (max-width: 525px) 100vw, 525px\" \/><\/p>\n<hr \/>\n<p><strong>Die ehemaligen Sch\u00fclerinnen und Sch\u00fcler \u2013 <\/strong><strong>Das Mentorenprogramm<\/strong><\/p>\n<p>Die Erfahrungen der ehemaligen Sch\u00fclerinnen und Sch\u00fcler mit ihrer Schule, ihre Erfahrungen mit den Schwierigkeiten des Lernens, aber auch ihre Talente und neu erworbenen Kompetenzen sollten nicht verloren gehen.<\/p>\n<p>Der F\u00f6rderverein plant mit der Schule ein Mentorenprogramm aufzulegen, das einen direkten Kontakt von ehemaligen zu aktuellen Sch\u00fcler\/-innen erm\u00f6glicht. Ziel ist es, eine Unterst\u00fctzungsform zu schaffen, die auf Augenh\u00f6he basiert und auf der Bais gleicher oder \u00e4hnlicher Erfahrungen fu\u00dft.<\/p>\n","protected":false},"excerpt":{"rendered":"<p>Das Ehemaligen-Netzwerk der Realschule Gute \u00c4nger, Freising Wir, der F\u00f6rderverein der Realschule Gute \u00c4nger e.V. sind dabei ein Ehemaligen-Netzwerk aufzubauen. Wir w\u00fcnschen uns, dass die Sch\u00fclerinnen und Sch\u00fcler mit \u201cihrer\u201c Schule in Verbindung bleiben, auch wenn sie nach ihrem Abschluss die Schule verlassen haben. Gr\u00fcnde um als Schule, Lehrkr\u00e4fte und Elternschaft in Kontakt mit Ehemaligen &hellip; <\/p>\n<p class=\"link-more\"><a href=\"https:\/\/www.gute-aenger.de\/?page_id=499\" class=\"more-link\"><span class=\"screen-reader-text\">\u201eALUMNI\u201c<\/span> weiterlesen<\/a><\/p>\n","protected":false},"author":1,"featured_media":0,"parent":0,"menu_order":0,"comment_status":"closed","ping_status":"closed","template":"","meta":{"footnotes":""},"class_list":["post-499","page","type-page","status-publish","hentry"],"_links":{"self":[{"href":"https:\/\/www.gute-aenger.de\/index.php?rest_route=\/wp\/v2\/pages\/499","targetHints":{"allow":["GET"]}}],"collection":[{"href":"https:\/\/www.gute-aenger.de\/index.php?rest_route=\/wp\/v2\/pages"}],"about":[{"href":"https:\/\/www.gute-aenger.de\/index.php?rest_route=\/wp\/v2\/types\/page"}],"author":[{"embeddable":true,"href":"https:\/\/www.gute-aenger.de\/index.php?rest_route=\/wp\/v2\/users\/1"}],"replies":[{"embeddable":true,"href":"https:\/\/www.gute-aenger.de\/index.php?rest_route=%2Fwp%2Fv2%2Fcomments&post=499"}],"version-history":[{"count":13,"href":"https:\/\/www.gute-aenger.de\/index.php?rest_route=\/wp\/v2\/pages\/499\/revisions"}],"predecessor-version":[{"id":566,"href":"https:\/\/www.gute-aenger.de\/index.php?rest_route=\/wp\/v2\/pages\/499\/revisions\/566"}],"wp:attachment":[{"href":"https:\/\/www.gute-aenger.de\/index.php?rest_route=%2Fwp%2Fv2%2Fmedia&parent=499"}],"curies":[{"name":"wp","href":"https:\/\/api.w.org\/{rel}","templated":true}]}}