{"id":582,"date":"2025-04-27T09:58:31","date_gmt":"2025-04-27T09:58:31","guid":{"rendered":"https:\/\/www.gute-aenger.de\/?page_id=582"},"modified":"2025-04-27T10:00:52","modified_gmt":"2025-04-27T10:00:52","slug":"geschaeftsordnung","status":"publish","type":"page","link":"https:\/\/www.gute-aenger.de\/?page_id=582","title":{"rendered":"Gesch\u00e4ftsordnung"},"content":{"rendered":"<table width=\"0\">\n<tbody>\n<tr>\n<td width=\"661\">F\u00f6rderverein Realschule Gute \u00c4nger e.V.<\/p>\n<p><strong>&#8211; Gesch\u00e4ftsordnung f\u00fcr die Organe des<\/strong><\/p>\n<p><strong>F\u00f6rdervereins \u201eRealschule Gute \u00c4nger e.V.\u201c \u2013<\/strong><\/p>\n<p><strong>A Die Mitgliederversammlung<\/strong><\/p>\n<p>siehe auch \u00a7 11 der Satzung<\/p>\n<p><strong>Antr\u00e4ge zur Tagesordnung der Mitgliederversammlung<\/strong><\/p>\n<p>Antr\u00e4ge an die Tagesordnung und Antr\u00e4ge auf Satzungs\u00e4nderungen m\u00fcssen bis 21 Tage vor der MV beim Vorstand schriftlich oder per E-Mail eingegangen sein und in den Tagesordnungspunkt: \u201eAntr\u00e4ge\u201c oder \u201eSonstiges\u201c aufgenommen werden. Das Verfahren folgt dann allen anderen Beschlussfassungen.<\/p>\n<p><strong>Beschlussfassungen der Mitgliederversammlung<\/strong><\/p>\n<p>1.\u00a0\u00a0\u00a0\u00a0\u00a0 Eine ordnungsgem\u00e4\u00df einberufene MV ist ohne R\u00fccksicht auf die Zahl der erschienenen stimmberechtigten Mitglieder beschlussf\u00e4hig.<\/p>\n<p>2.\u00a0\u00a0\u00a0\u00a0\u00a0 Der Vorstand leitet die Mitgliederversammlung.<\/p>\n<p>3.\u00a0\u00a0\u00a0\u00a0\u00a0 Beschl\u00fcsse der MV sind mit einfacher Mehrheit der stimmberechtigen Mitglieder gefasst.<\/p>\n<p>4.\u00a0\u00a0\u00a0\u00a0\u00a0 Bei Stimmgleichheit entscheidet die Mehrheit der Stimmen des Vorstands.<\/p>\n<p>5.\u00a0\u00a0\u00a0\u00a0\u00a0 Bei Wahlen \u00fcbertr\u00e4gt die Mitgliederversammlung einem zu bestimmenden Wahlausschuss f\u00fcr die Dauer des Wahlvorganges die Leitung der Mitglieder-versammlung.\u00a0\u00a0Die Wahl dazu erfolgt per Akklamation.<\/p>\n<p>6.\u00a0\u00a0\u00a0\u00a0\u00a0 Die Wahl des Vorstands und des Vereinsausschusses ist grunds\u00e4tzlich geheim und schriftlich. Auf Antrag kann davon abgesehen werden, wenn 2\/3 der anwesenden Mitglieder zustimmen. Dies erfolgt durch Akklamation.<\/td>\n<\/tr>\n<tr>\n<td width=\"661\"><strong>B Der Vorstand<\/strong><\/p>\n<p>Siehe \u00a7 8 und 10 der Satzung<\/p>\n<p><strong>Wahl<\/strong><\/p>\n<p>Die Mitgliederversammlung w\u00e4hlt den dreik\u00f6pfigen Vorstand ab Datum der MV f\u00fcr zwei Jahre. Alle Vorstandsmitglieder bleiben bis zur Neuwahl im Amt.<\/p>\n<p>Sollte ein Mitglied des Vorstands vor Ablauf der Zeit von seinem Amt zur\u00fccktreten, so ist in der n\u00e4chsten Mitgliederversammlung nachzuw\u00e4hlen oder eine au\u00dferordentliche Mitgliederversammlung einzuberufen.<\/p>\n<p>Jedes Mitglied des Vorstandes wird einzeln gew\u00e4hlt.<\/p>\n<p><strong>Beschlussfassung im Vorstand<\/strong><\/p>\n<p>Der Vorstand fasst Beschl\u00fcsse im Allgemeinen in Vorstandssitzungen. Der Vorstand beruft die Vorstandsitzungen mit Angabe einer Tagesordnung ein.<\/p>\n<p>Bei Beschlussfassungen entscheidet die Mehrheit der Stimmen.<\/td>\n<\/tr>\n<tr>\n<td width=\"661\"><strong>C Der Vereinsausschuss<\/strong><\/p>\n<p>Siehe \u00a7 9 und 10 der Satzung<\/p>\n<p><strong>Wahl<\/strong><\/p>\n<p>1.\u00a0\u00a0\u00a0 Die Mitgliederversammlung w\u00e4hlt die zu w\u00e4hlenden Mitglieder des Vereinsausschusses f\u00fcr zwei Jahre. Alle bleiben bis zur Neuwahl im Amt.<\/p>\n<p>2.\u00a0\u00a0\u00a0 Scheidet ein Mitglied aus dem Vereinsausschuss vorzeitig aus, kann der Vorstand zusammen mit dem Vereinsausschuss ein Mitglied f\u00fcr die restliche Amtsdauer nachbenennen. Dessen Amtszeit endet dann regul\u00e4r bei den Neuwahlen.<\/p>\n<p>3.\u00a0\u00a0\u00a0 Jedes Vereinsausschusses-Mitglied, das gew\u00e4hlt wird (die beiden Beisitzer*innen und die Schriftf\u00fchrer*in) wird einzeln gew\u00e4hlt.<\/p>\n<p>4.\u00a0\u00a0\u00a0 Geborene Mitglieder des Vereinsausschusses sind ein Mitglied der Schulleitung und der\/die amtierende Elternbeiratsvorsitzende.<\/p>\n<p><strong>Sitzungen und Beschlussfassung<\/strong><\/p>\n<p>Der Vereinsausschuss trifft sich zweimal im Jahr mit dem Vorstand.<\/p>\n<p>Eingeladen werden beide Gremien vom Vorsitzenden des Vorstands mit einer Frist von 14 Tagen mit Angabe einer Tagesordnung. Die Einladung erfolgt per E-Mail oder per Post.<\/p>\n<p>Eine ordnungsgem\u00e4\u00df einberufene Sitzung ist ohne R\u00fccksicht auf die Zahl der erschienenen stimmberechtigten Mitglieder beschlussf\u00e4hig.<\/p>\n<p>Die Mitglieder sind gehalten, sich im Vorfeld bei ihrer zu vertretenden Gruppe Informationen und Meinungsbilder zu den Tagesordnungspunkten einzuholen.<\/td>\n<\/tr>\n<tr>\n<td width=\"661\">Der Vereinsausschuss ist ein beratendes Gremium. Bei m\u00f6glichen Beschlussfassungen entscheidet die Mehrheit der Stimmen. Bei Stimmgleichheit entscheidet die Mehrheit der Stimmen des Vorstands.<\/p>\n<p>Die in der Satzung festgelegte Kontrollfunktion findet ihren Niederschlag in den hier genannten Sitzungen. Wenn der Vorstand etwaige Missst\u00e4nde nicht beseitigt, k\u00f6nnen die f\u00fcnf Mitglieder des Vereinsausschusses die Mitgliederversammlung anrufen. Ein solcher Antrag ben\u00f6tigt vier von f\u00fcnf Stimmen.<\/p>\n<p>Es wird ein Protokoll erstellt (Schriftf\u00fchrer*in), das den Mitgliedern mit einer Frist von 4 Wochen zugeht. Es enth\u00e4lt:<\/p>\n<p>a) Ort und Zeit der Versammlung<\/p>\n<p>b) die Person der Versammlungsleitung<\/p>\n<p>c) die Zahl der anwesenden Mitglieder<\/p>\n<p>d) die Tagesordnung und die wesentlichen Aussagen dazu<\/p>\n<p>e) die einzelnen Abstimmungsergebnisse und die festgelegte Art der Abstimmung<\/p>\n<p>f) bei Satzungs\u00e4nderungen den genauen Wortlaut des Beschlusses.<\/p>\n<p>&nbsp;<\/td>\n<\/tr>\n<\/tbody>\n<\/table>\n<p>&nbsp;<\/p>\n","protected":false},"excerpt":{"rendered":"<p>F\u00f6rderverein Realschule Gute \u00c4nger e.V. &#8211; Gesch\u00e4ftsordnung f\u00fcr die Organe des F\u00f6rdervereins \u201eRealschule Gute \u00c4nger e.V.\u201c \u2013 A Die Mitgliederversammlung siehe auch \u00a7 11 der Satzung Antr\u00e4ge zur Tagesordnung der Mitgliederversammlung Antr\u00e4ge an die Tagesordnung und Antr\u00e4ge auf Satzungs\u00e4nderungen m\u00fcssen bis 21 Tage vor der MV beim Vorstand schriftlich oder per E-Mail eingegangen sein und &hellip; <\/p>\n<p class=\"link-more\"><a href=\"https:\/\/www.gute-aenger.de\/?page_id=582\" class=\"more-link\"><span class=\"screen-reader-text\">\u201eGesch\u00e4ftsordnung\u201c<\/span> weiterlesen<\/a><\/p>\n","protected":false},"author":1,"featured_media":0,"parent":0,"menu_order":0,"comment_status":"closed","ping_status":"closed","template":"","meta":{"footnotes":""},"class_list":["post-582","page","type-page","status-publish","hentry"],"_links":{"self":[{"href":"https:\/\/www.gute-aenger.de\/index.php?rest_route=\/wp\/v2\/pages\/582","targetHints":{"allow":["GET"]}}],"collection":[{"href":"https:\/\/www.gute-aenger.de\/index.php?rest_route=\/wp\/v2\/pages"}],"about":[{"href":"https:\/\/www.gute-aenger.de\/index.php?rest_route=\/wp\/v2\/types\/page"}],"author":[{"embeddable":true,"href":"https:\/\/www.gute-aenger.de\/index.php?rest_route=\/wp\/v2\/users\/1"}],"replies":[{"embeddable":true,"href":"https:\/\/www.gute-aenger.de\/index.php?rest_route=%2Fwp%2Fv2%2Fcomments&post=582"}],"version-history":[{"count":3,"href":"https:\/\/www.gute-aenger.de\/index.php?rest_route=\/wp\/v2\/pages\/582\/revisions"}],"predecessor-version":[{"id":588,"href":"https:\/\/www.gute-aenger.de\/index.php?rest_route=\/wp\/v2\/pages\/582\/revisions\/588"}],"wp:attachment":[{"href":"https:\/\/www.gute-aenger.de\/index.php?rest_route=%2Fwp%2Fv2%2Fmedia&parent=582"}],"curies":[{"name":"wp","href":"https:\/\/api.w.org\/{rel}","templated":true}]}}